{"id":12,"date":"2025-11-30T08:19:08","date_gmt":"2025-11-30T08:19:08","guid":{"rendered":"https:\/\/xn--zns-sdhessen-hlb.de\/?page_id=12"},"modified":"2025-11-30T15:08:09","modified_gmt":"2025-11-30T15:08:09","slug":"start","status":"publish","type":"page","link":"https:\/\/xn--zns-sdhessen-hlb.de\/","title":{"rendered":"Start"},"content":{"rendered":"<div id='full_slider_1'  class='avia-fullwidth-slider main_color avia-shadow   avia-builder-el-0  el_before_av_hr  avia-builder-el-first   container_wrap fullsize'  ><div  class='avia-slideshow av-mili6at4-85188e7764a8f4d2375588fcd49fe874 avia-slideshow-featured av_slideshow_full avia-slide-slider av-slideshow-ui av-control-default av-slideshow-manual av-loop-once av-loop-manual-endless av-default-height-applied   avia-slideshow-1' data-slideshow-options=\"{&quot;animation&quot;:&quot;slide&quot;,&quot;autoplay&quot;:false,&quot;loop_autoplay&quot;:&quot;once&quot;,&quot;interval&quot;:5,&quot;loop_manual&quot;:&quot;manual-endless&quot;,&quot;autoplay_stopper&quot;:false,&quot;noNavigation&quot;:false,&quot;bg_slider&quot;:false,&quot;keep_padding&quot;:false,&quot;hoverpause&quot;:false,&quot;show_slide_delay&quot;:0}\"  itemprop=\"image\" itemscope=\"itemscope\" itemtype=\"https:\/\/schema.org\/ImageObject\" ><ul class='avia-slideshow-inner ' style='padding-bottom: 28.666666666667%;'><li  class='avia-slideshow-slide av-mili6at4-85188e7764a8f4d2375588fcd49fe874__0  av-single-slide slide-1 slide-odd'><div data-rel='slideshow-1' class='avia-slide-wrap '   ><img decoding=\"async\" fetchpriority=\"high\" class=\"wp-image-20 avia-img-lazy-loading-not-20\"  src=\"https:\/\/xn--zns-sdhessen-hlb.de\/wp-content\/uploads\/2025\/11\/Suedhessen_red_II-1500x430.jpg\" width=\"1500\" height=\"430\" title='Suedhessen_red_II' alt=''  itemprop=\"thumbnailUrl\"   \/><\/div><\/li><\/ul><\/div><\/div><div id='after_full_slider_1'  class='main_color av_default_container_wrap container_wrap fullsize'  ><div class='container av-section-cont-open' ><div class='template-page content  av-content-full alpha units'><div class='post-entry post-entry-type-page post-entry-12'><div class='entry-content-wrapper clearfix'>\n\n<style type=\"text\/css\" data-created_by=\"avia_inline_auto\" id=\"style-css-av-145x4-d7a284dc89f392595087ffb3236395de\">\n#top .hr.av-145x4-d7a284dc89f392595087ffb3236395de{\nmargin-top:15px;\nmargin-bottom:30px;\n}\n.hr.av-145x4-d7a284dc89f392595087ffb3236395de .hr-inner{\nwidth:150px;\nborder-color:#ffffff;\n}\n<\/style>\n<div  class='hr av-145x4-d7a284dc89f392595087ffb3236395de hr-custom  avia-builder-el-1  el_after_av_slideshow_full  el_before_av_heading  avia-builder-el-first  hr-center hr-icon-no'><span class='hr-inner inner-border-av-border-thin'><span class=\"hr-inner-style\"><\/span><\/span><\/div>\n\n<style type=\"text\/css\" data-created_by=\"avia_inline_auto\" id=\"style-css-av-milmv4yy-fd4a444ff9d9594a1931964c3f23812f\">\n#top .av-special-heading.av-milmv4yy-fd4a444ff9d9594a1931964c3f23812f{\npadding-bottom:10px;\ncolor:#d9a5b3;\nfont-size:40px;\n}\nbody .av-special-heading.av-milmv4yy-fd4a444ff9d9594a1931964c3f23812f .av-special-heading-tag .heading-char{\nfont-size:25px;\n}\n#top #wrap_all .av-special-heading.av-milmv4yy-fd4a444ff9d9594a1931964c3f23812f .av-special-heading-tag{\nfont-size:40px;\n}\n.av-special-heading.av-milmv4yy-fd4a444ff9d9594a1931964c3f23812f .special-heading-inner-border{\nborder-color:#d9a5b3;\n}\n.av-special-heading.av-milmv4yy-fd4a444ff9d9594a1931964c3f23812f .av-subheading{\nfont-size:20px;\n}\n\n@media only screen and (min-width: 480px) and (max-width: 767px){ \n#top #wrap_all .av-special-heading.av-milmv4yy-fd4a444ff9d9594a1931964c3f23812f .av-special-heading-tag{\nfont-size:0.8em;\n}\n}\n\n@media only screen and (max-width: 479px){ \n#top #wrap_all .av-special-heading.av-milmv4yy-fd4a444ff9d9594a1931964c3f23812f .av-special-heading-tag{\nfont-size:0.8em;\n}\n}\n<\/style>\n<div  class='av-special-heading av-milmv4yy-fd4a444ff9d9594a1931964c3f23812f av-special-heading-h1 custom-color-heading blockquote modern-quote modern-centered  avia-builder-el-2  el_after_av_hr  el_before_av_hr  av-inherit-size'><h1 class='av-special-heading-tag '  itemprop=\"headline\"  >Willkomen beim ZNS S\u00fcdhessen<\/h1><div class='av_custom_color av-subheading av-subheading_below'><p>Gemeinsam f\u00fcr eine starke neurologisch-psychiatrische Versorgung in S\u00fcdhessen<\/p>\n<\/div><div class=\"special-heading-border\"><div class=\"special-heading-inner-border\"><\/div><\/div><\/div>\n\n<style type=\"text\/css\" data-created_by=\"avia_inline_auto\" id=\"style-css-av-milnk6uw-570bf7abb082549ba3d12f1a6bc2b0b8\">\n#top .hr.av-milnk6uw-570bf7abb082549ba3d12f1a6bc2b0b8{\nmargin-top:30px;\nmargin-bottom:45px;\n}\n.hr.av-milnk6uw-570bf7abb082549ba3d12f1a6bc2b0b8 .hr-inner{\nwidth:150px;\n}\n<\/style>\n<div  class='hr av-milnk6uw-570bf7abb082549ba3d12f1a6bc2b0b8 hr-custom  avia-builder-el-3  el_after_av_heading  el_before_av_hr  hr-center hr-icon-no'><span class='hr-inner inner-border-av-border-thin'><span class=\"hr-inner-style\"><\/span><\/span><\/div>\n\n<style type=\"text\/css\" data-created_by=\"avia_inline_auto\" id=\"style-css-av-milnkst9-93f7e6d73fef6b895fa4447b28824c8e\">\n#top .hr.av-milnkst9-93f7e6d73fef6b895fa4447b28824c8e{\nmargin-top:15px;\nmargin-bottom:30px;\n}\n.hr.av-milnkst9-93f7e6d73fef6b895fa4447b28824c8e .hr-inner{\nwidth:150px;\nborder-color:#ffffff;\n}\n<\/style>\n<div  class='hr av-milnkst9-93f7e6d73fef6b895fa4447b28824c8e hr-custom  avia-builder-el-4  el_after_av_hr  el_before_av_textblock  hr-center hr-icon-no'><span class='hr-inner inner-border-av-border-thin'><span class=\"hr-inner-style\"><\/span><\/span><\/div>\n\n<style type=\"text\/css\" data-created_by=\"avia_inline_auto\" id=\"style-css-av-miln2ucy-8fa89e58b284717a32fb92c015fde211\">\n#top .av_textblock_section.av-miln2ucy-8fa89e58b284717a32fb92c015fde211 .avia_textblock{\nfont-size:24px;\n}\n<\/style>\n<section  class='av_textblock_section av-miln2ucy-8fa89e58b284717a32fb92c015fde211 '   itemscope=\"itemscope\" itemtype=\"https:\/\/schema.org\/CreativeWork\" ><div class='avia_textblock'  itemprop=\"text\" ><p style=\"text-align: left;\" data-start=\"289\" data-end=\"623\">Wir sind ein regionales Netzwerk niedergelassener Fach\u00e4rztinnen und Fach\u00e4rzte f\u00fcr Neurologie, Nervenheilkunde, Psychiatrie und Psychotherapie in S\u00fcdhessen. Unser Ziel ist es, die medizinische Versorgung in unserer Region kontinuierlich zu verbessern \u2013 durch enge Zusammenarbeit, gemeinsame Standards und eine starke Stimme nach au\u00dfen.<\/p>\n<p style=\"text-align: left;\" data-start=\"625\" data-end=\"873\">Im Mittelpunkt steht f\u00fcr uns eine hochwertige, patientenorientierte Diagnostik und Therapie. Daf\u00fcr b\u00fcndeln wir fachliche Expertise, f\u00f6rdern regelm\u00e4\u00dfige Fort- und Weiterbildungen und engagieren uns f\u00fcr Transparenz, Aufkl\u00e4rung und Qualit\u00e4tssicherung.<\/p>\n<p style=\"text-align: left;\" data-start=\"875\" data-end=\"1173\">Wir pflegen eine enge Kooperation mit regionalen und \u00fcberregionalen Kliniken, um Patientinnen und Patienten bei komplexen Fragestellungen bestm\u00f6glich zu begleiten. Gleichzeitig vertreten wir die Interessen unserer Fachgruppe und setzen uns f\u00fcr eine nachhaltige, moderne Versorgung in S\u00fcdhessen ein.<\/p>\n<\/div><\/section>\n","protected":false},"excerpt":{"rendered":"","protected":false},"author":1,"featured_media":0,"parent":0,"menu_order":0,"comment_status":"closed","ping_status":"closed","template":"","meta":{"footnotes":""},"class_list":["post-12","page","type-page","status-publish","hentry"],"_links":{"self":[{"href":"https:\/\/xn--zns-sdhessen-hlb.de\/index.php?rest_route=\/wp\/v2\/pages\/12","targetHints":{"allow":["GET"]}}],"collection":[{"href":"https:\/\/xn--zns-sdhessen-hlb.de\/index.php?rest_route=\/wp\/v2\/pages"}],"about":[{"href":"https:\/\/xn--zns-sdhessen-hlb.de\/index.php?rest_route=\/wp\/v2\/types\/page"}],"author":[{"embeddable":true,"href":"https:\/\/xn--zns-sdhessen-hlb.de\/index.php?rest_route=\/wp\/v2\/users\/1"}],"replies":[{"embeddable":true,"href":"https:\/\/xn--zns-sdhessen-hlb.de\/index.php?rest_route=%2Fwp%2Fv2%2Fcomments&post=12"}],"version-history":[{"count":15,"href":"https:\/\/xn--zns-sdhessen-hlb.de\/index.php?rest_route=\/wp\/v2\/pages\/12\/revisions"}],"predecessor-version":[{"id":199,"href":"https:\/\/xn--zns-sdhessen-hlb.de\/index.php?rest_route=\/wp\/v2\/pages\/12\/revisions\/199"}],"wp:attachment":[{"href":"https:\/\/xn--zns-sdhessen-hlb.de\/index.php?rest_route=%2Fwp%2Fv2%2Fmedia&parent=12"}],"curies":[{"name":"wp","href":"https:\/\/api.w.org\/{rel}","templated":true}]}}