{"id":25,"date":"2025-11-30T09:44:51","date_gmt":"2025-11-30T09:44:51","guid":{"rendered":"https:\/\/xn--zns-sdhessen-hlb.de\/?page_id=25"},"modified":"2025-11-30T15:09:56","modified_gmt":"2025-11-30T15:09:56","slug":"fortbildungen","status":"publish","type":"page","link":"https:\/\/xn--zns-sdhessen-hlb.de\/?page_id=25","title":{"rendered":"Fortbildungen"},"content":{"rendered":"<div id='full_slider_1'  class='avia-fullwidth-slider main_color avia-shadow   avia-builder-el-0  el_before_av_hr  avia-builder-el-first   container_wrap fullsize'  ><div  class='avia-slideshow av-milr02vg-d83f53d4f517c39295e6d3fa0b04e043 avia-slideshow-featured av_slideshow_full avia-slide-slider av-slideshow-ui av-control-default av-slideshow-manual av-loop-once av-loop-manual-endless av-default-height-applied   avia-slideshow-1' data-slideshow-options=\"{&quot;animation&quot;:&quot;slide&quot;,&quot;autoplay&quot;:false,&quot;loop_autoplay&quot;:&quot;once&quot;,&quot;interval&quot;:5,&quot;loop_manual&quot;:&quot;manual-endless&quot;,&quot;autoplay_stopper&quot;:false,&quot;noNavigation&quot;:false,&quot;bg_slider&quot;:false,&quot;keep_padding&quot;:false,&quot;hoverpause&quot;:false,&quot;show_slide_delay&quot;:0}\"  itemprop=\"image\" itemscope=\"itemscope\" itemtype=\"https:\/\/schema.org\/ImageObject\" ><ul class='avia-slideshow-inner ' style='padding-bottom: 28.907922912206%;'><li  class='avia-slideshow-slide av-milr02vg-d83f53d4f517c39295e6d3fa0b04e043__0  av-single-slide slide-1 slide-odd'><div data-rel='slideshow-1' class='avia-slide-wrap '   ><img decoding=\"async\" fetchpriority=\"high\" class=\"wp-image-153 avia-img-lazy-loading-not-153\"  src=\"https:\/\/xn--zns-sdhessen-hlb.de\/wp-content\/uploads\/2025\/11\/Fortbildungen.jpg\" width=\"1401\" height=\"405\" title='Fortbildungen' alt=''  itemprop=\"thumbnailUrl\" srcset=\"https:\/\/xn--zns-sdhessen-hlb.de\/wp-content\/uploads\/2025\/11\/Fortbildungen.jpg 1401w, https:\/\/xn--zns-sdhessen-hlb.de\/wp-content\/uploads\/2025\/11\/Fortbildungen-300x87.jpg 300w, https:\/\/xn--zns-sdhessen-hlb.de\/wp-content\/uploads\/2025\/11\/Fortbildungen-1024x296.jpg 1024w, https:\/\/xn--zns-sdhessen-hlb.de\/wp-content\/uploads\/2025\/11\/Fortbildungen-768x222.jpg 768w, https:\/\/xn--zns-sdhessen-hlb.de\/wp-content\/uploads\/2025\/11\/Fortbildungen-705x204.jpg 705w\" sizes=\"(max-width: 1401px) 100vw, 1401px\" \/><\/div><\/li><\/ul><\/div><\/div><div id='after_full_slider_1'  class='main_color av_default_container_wrap container_wrap fullsize'  ><div class='container av-section-cont-open' ><div class='template-page content  av-content-full alpha units'><div class='post-entry post-entry-type-page post-entry-25'><div class='entry-content-wrapper clearfix'>\n\n<style type=\"text\/css\" data-created_by=\"avia_inline_auto\" id=\"style-css-av-2d0wd-439d4b08a5f982d70bfd2b68e06dd7b8\">\n#top .hr.av-2d0wd-439d4b08a5f982d70bfd2b68e06dd7b8{\nmargin-top:15px;\nmargin-bottom:30px;\n}\n.hr.av-2d0wd-439d4b08a5f982d70bfd2b68e06dd7b8 .hr-inner{\nwidth:150px;\nborder-color:#ffffff;\n}\n<\/style>\n<div  class='hr av-2d0wd-439d4b08a5f982d70bfd2b68e06dd7b8 hr-custom  avia-builder-el-1  el_after_av_slideshow_full  el_before_av_heading  avia-builder-el-first  hr-center hr-icon-no'><span class='hr-inner inner-border-av-border-thin'><span class=\"hr-inner-style\"><\/span><\/span><\/div>\n\n<style type=\"text\/css\" data-created_by=\"avia_inline_auto\" id=\"style-css-av-1dpg5-b7ca5c6c65d37558a6756f7ba8b53f5b\">\n#top .av-special-heading.av-1dpg5-b7ca5c6c65d37558a6756f7ba8b53f5b{\npadding-bottom:10px;\ncolor:#d9a5b3;\nfont-size:40px;\n}\nbody .av-special-heading.av-1dpg5-b7ca5c6c65d37558a6756f7ba8b53f5b .av-special-heading-tag .heading-char{\nfont-size:25px;\n}\n#top #wrap_all .av-special-heading.av-1dpg5-b7ca5c6c65d37558a6756f7ba8b53f5b .av-special-heading-tag{\nfont-size:40px;\n}\n.av-special-heading.av-1dpg5-b7ca5c6c65d37558a6756f7ba8b53f5b .special-heading-inner-border{\nborder-color:#d9a5b3;\n}\n.av-special-heading.av-1dpg5-b7ca5c6c65d37558a6756f7ba8b53f5b .av-subheading{\nfont-size:20px;\n}\n\n@media only screen and (min-width: 480px) and (max-width: 767px){ \n#top #wrap_all .av-special-heading.av-1dpg5-b7ca5c6c65d37558a6756f7ba8b53f5b .av-special-heading-tag{\nfont-size:0.8em;\n}\n}\n\n@media only screen and (max-width: 479px){ \n#top #wrap_all .av-special-heading.av-1dpg5-b7ca5c6c65d37558a6756f7ba8b53f5b .av-special-heading-tag{\nfont-size:0.8em;\n}\n}\n<\/style>\n<div  class='av-special-heading av-1dpg5-b7ca5c6c65d37558a6756f7ba8b53f5b av-special-heading-h1 custom-color-heading blockquote modern-quote modern-centered  avia-builder-el-2  el_after_av_hr  el_before_av_hr  av-inherit-size'><h1 class='av-special-heading-tag '  itemprop=\"headline\"  >Fortbildungen<\/h1><div class='av_custom_color av-subheading av-subheading_below'><p>Kompetenz. Verantwortung. Moderne Medizin.<\/p>\n<\/div><div class=\"special-heading-border\"><div class=\"special-heading-inner-border\"><\/div><\/div><\/div>\n\n<style type=\"text\/css\" data-created_by=\"avia_inline_auto\" id=\"style-css-av-wf5d-b8b4c566f0c1700fb13c6253ba48fa0e\">\n#top .hr.av-wf5d-b8b4c566f0c1700fb13c6253ba48fa0e{\nmargin-top:30px;\nmargin-bottom:45px;\n}\n.hr.av-wf5d-b8b4c566f0c1700fb13c6253ba48fa0e .hr-inner{\nwidth:150px;\n}\n<\/style>\n<div  class='hr av-wf5d-b8b4c566f0c1700fb13c6253ba48fa0e hr-custom  avia-builder-el-3  el_after_av_heading  el_before_av_hr  hr-center hr-icon-no'><span class='hr-inner inner-border-av-border-thin'><span class=\"hr-inner-style\"><\/span><\/span><\/div>\n\n<style type=\"text\/css\" data-created_by=\"avia_inline_auto\" id=\"style-css-av-milr35ca-4674fa11504fab570d4f2192a15cd4b2\">\n#top .hr.av-milr35ca-4674fa11504fab570d4f2192a15cd4b2{\nmargin-top:15px;\nmargin-bottom:30px;\n}\n.hr.av-milr35ca-4674fa11504fab570d4f2192a15cd4b2 .hr-inner{\nwidth:150px;\nborder-color:#ffffff;\n}\n<\/style>\n<div  class='hr av-milr35ca-4674fa11504fab570d4f2192a15cd4b2 hr-custom  avia-builder-el-4  el_after_av_hr  el_before_av_textblock  hr-center hr-icon-no'><span class='hr-inner inner-border-av-border-thin'><span class=\"hr-inner-style\"><\/span><\/span><\/div>\n\n<style type=\"text\/css\" data-created_by=\"avia_inline_auto\" id=\"style-css-av-milr7iok-4893534def7a03b3647efc56641278d9\">\n#top .av_textblock_section.av-milr7iok-4893534def7a03b3647efc56641278d9 .avia_textblock{\nfont-size:18px;\ncolor:#000000;\n}\n<\/style>\n<section  class='av_textblock_section av-milr7iok-4893534def7a03b3647efc56641278d9 '   itemscope=\"itemscope\" itemtype=\"https:\/\/schema.org\/CreativeWork\" ><div class='avia_textblock av_inherit_color'  itemprop=\"text\" ><p data-start=\"1567\" data-end=\"1847\">Hier ver\u00f6ffentlichen wir regelm\u00e4\u00dfig <strong data-start=\"1614\" data-end=\"1688\">aktuelle Termine f\u00fcr spannende Fort- und Weiterbildungsveranstaltungen<\/strong> \u2013 sowohl interne Schulungsangebote als auch regionale Workshops, Fallkonferenzen und thematische Abendveranstaltungen. Ein regelm\u00e4\u00dfiger Blick lohnt sich also!<\/p>\n<\/div><\/section>\n\n<style type=\"text\/css\" data-created_by=\"avia_inline_auto\" id=\"style-css-av-milrjf6v-46281235e51ca9ef6f6ba7ce0437d368\">\n#top .av-special-heading.av-milrjf6v-46281235e51ca9ef6f6ba7ce0437d368{\npadding-bottom:10px;\ncolor:#000000;\n}\nbody .av-special-heading.av-milrjf6v-46281235e51ca9ef6f6ba7ce0437d368 .av-special-heading-tag .heading-char{\nfont-size:25px;\n}\n.av-special-heading.av-milrjf6v-46281235e51ca9ef6f6ba7ce0437d368 .special-heading-inner-border{\nborder-color:#000000;\n}\n.av-special-heading.av-milrjf6v-46281235e51ca9ef6f6ba7ce0437d368 .av-subheading{\nfont-size:15px;\n}\n<\/style>\n<div  class='av-special-heading av-milrjf6v-46281235e51ca9ef6f6ba7ce0437d368 av-special-heading-h3 custom-color-heading blockquote modern-quote  avia-builder-el-6  el_after_av_textblock  el_before_av_textblock '><h3 class='av-special-heading-tag '  itemprop=\"headline\"  >Anstehende Termine:<\/h3><div class=\"special-heading-border\"><div class=\"special-heading-inner-border\"><\/div><\/div><\/div>\n\n<style type=\"text\/css\" data-created_by=\"avia_inline_auto\" id=\"style-css-av-milrlpgb-67ca8029125c132bd9f90873376aad2e\">\n#top .av_textblock_section.av-milrlpgb-67ca8029125c132bd9f90873376aad2e .avia_textblock{\nfont-size:18px;\n}\n<\/style>\n<section  class='av_textblock_section av-milrlpgb-67ca8029125c132bd9f90873376aad2e '   itemscope=\"itemscope\" itemtype=\"https:\/\/schema.org\/CreativeWork\" ><div class='avia_textblock av_inherit_color'  itemprop=\"text\" ><p><strong>06.02.2026<\/strong>\u00a0 Mitgliederversammlung im Restaurant Sitte, Darmstadt, Beginn 19 Uhr<br \/>\n<strong>14.03.2026 <\/strong>Versorgungsforum im Restaurant Sitte, Darmstadt, Beginn 10 Uhr<\/p>\n<\/div><\/section>\n","protected":false},"excerpt":{"rendered":"","protected":false},"author":1,"featured_media":0,"parent":0,"menu_order":0,"comment_status":"closed","ping_status":"closed","template":"","meta":{"footnotes":""},"class_list":["post-25","page","type-page","status-publish","hentry"],"_links":{"self":[{"href":"https:\/\/xn--zns-sdhessen-hlb.de\/index.php?rest_route=\/wp\/v2\/pages\/25","targetHints":{"allow":["GET"]}}],"collection":[{"href":"https:\/\/xn--zns-sdhessen-hlb.de\/index.php?rest_route=\/wp\/v2\/pages"}],"about":[{"href":"https:\/\/xn--zns-sdhessen-hlb.de\/index.php?rest_route=\/wp\/v2\/types\/page"}],"author":[{"embeddable":true,"href":"https:\/\/xn--zns-sdhessen-hlb.de\/index.php?rest_route=\/wp\/v2\/users\/1"}],"replies":[{"embeddable":true,"href":"https:\/\/xn--zns-sdhessen-hlb.de\/index.php?rest_route=%2Fwp%2Fv2%2Fcomments&post=25"}],"version-history":[{"count":15,"href":"https:\/\/xn--zns-sdhessen-hlb.de\/index.php?rest_route=\/wp\/v2\/pages\/25\/revisions"}],"predecessor-version":[{"id":202,"href":"https:\/\/xn--zns-sdhessen-hlb.de\/index.php?rest_route=\/wp\/v2\/pages\/25\/revisions\/202"}],"wp:attachment":[{"href":"https:\/\/xn--zns-sdhessen-hlb.de\/index.php?rest_route=%2Fwp%2Fv2%2Fmedia&parent=25"}],"curies":[{"name":"wp","href":"https:\/\/api.w.org\/{rel}","templated":true}]}}